{"id":2055,"date":"2022-02-13T14:49:07","date_gmt":"2022-02-13T19:49:07","guid":{"rendered":"https:\/\/wlcontrolsltda.com.co\/?post_type=product&#038;p=2055"},"modified":"2024-03-11T22:46:48","modified_gmt":"2024-03-12T03:46:48","slug":"electro-valvula-2","status":"publish","type":"product","link":"https:\/\/wlcontrols.com\/index.php\/producto\/electro-valvula-2\/","title":{"rendered":"El\u00e9ctro V\u00e1lvula 2"},"content":{"rendered":"<p>Electro v\u00e1lvula 110 voltios<\/p>\n","protected":false},"excerpt":{"rendered":"<p>Electro v\u00e1lvula 110 voltios<\/p>\n","protected":false},"featured_media":2056,"comment_status":"open","ping_status":"closed","template":"","meta":[],"product_cat":[38],"product_tag":[],"class_list":{"0":"post-2055","1":"product","2":"type-product","3":"status-publish","4":"has-post-thumbnail","6":"product_cat-electro-valvulas","8":"first","9":"instock","10":"shipping-taxable","11":"product-type-simple"},"_links":{"self":[{"href":"https:\/\/wlcontrols.com\/index.php\/wp-json\/wp\/v2\/product\/2055","targetHints":{"allow":["GET"]}}],"collection":[{"href":"https:\/\/wlcontrols.com\/index.php\/wp-json\/wp\/v2\/product"}],"about":[{"href":"https:\/\/wlcontrols.com\/index.php\/wp-json\/wp\/v2\/types\/product"}],"replies":[{"embeddable":true,"href":"https:\/\/wlcontrols.com\/index.php\/wp-json\/wp\/v2\/comments?post=2055"}],"wp:featuredmedia":[{"embeddable":true,"href":"https:\/\/wlcontrols.com\/index.php\/wp-json\/wp\/v2\/media\/2056"}],"wp:attachment":[{"href":"https:\/\/wlcontrols.com\/index.php\/wp-json\/wp\/v2\/media?parent=2055"}],"wp:term":[{"taxonomy":"product_cat","embeddable":true,"href":"https:\/\/wlcontrols.com\/index.php\/wp-json\/wp\/v2\/product_cat?post=2055"},{"taxonomy":"product_tag","embeddable":true,"href":"https:\/\/wlcontrols.com\/index.php\/wp-json\/wp\/v2\/product_tag?post=2055"}],"curies":[{"name":"wp","href":"https:\/\/api.w.org\/{rel}","templated":true}]}}