{"id":88,"date":"2018-11-30T12:37:54","date_gmt":"2018-11-30T12:37:54","guid":{"rendered":""},"modified":"2024-03-12T10:59:15","modified_gmt":"2024-03-12T15:59:15","slug":"about","status":"publish","type":"page","link":"https:\/\/wlcontrols.com\/index.php\/about\/","title":{"rendered":"Empresa"},"content":{"rendered":"\t\t<div data-elementor-type=\"wp-post\" data-elementor-id=\"88\" class=\"elementor elementor-88\">\n\t\t\t\t\t\t<section class=\"elementor-section elementor-top-section elementor-element elementor-element-996de5b elementor-section-boxed elementor-section-height-default elementor-section-height-default\" data-id=\"996de5b\" data-element_type=\"section\" data-settings=\"{&quot;background_background&quot;:&quot;classic&quot;}\">\n\t\t\t\t\t\t<div class=\"elementor-container elementor-column-gap-no\">\n\t\t\t\t\t<div class=\"elementor-column elementor-col-100 elementor-top-column elementor-element elementor-element-ce68a6b\" data-id=\"ce68a6b\" data-element_type=\"column\">\n\t\t\t<div class=\"elementor-widget-wrap elementor-element-populated\">\n\t\t\t\t\t\t<div class=\"elementor-element elementor-element-14d3379 elementor-widget elementor-widget-heading\" data-id=\"14d3379\" data-element_type=\"widget\" data-widget_type=\"heading.default\">\n\t\t\t\t<div class=\"elementor-widget-container\">\n\t\t\t<h1 class=\"elementor-heading-title elementor-size-default\">Empresa<\/h1>\t\t<\/div>\n\t\t\t\t<\/div>\n\t\t\t\t\t<\/div>\n\t\t<\/div>\n\t\t\t\t\t<\/div>\n\t\t<\/section>\n\t\t\t\t<section class=\"elementor-section elementor-top-section elementor-element elementor-element-961a6bf elementor-section-boxed elementor-section-height-default elementor-section-height-default\" data-id=\"961a6bf\" data-element_type=\"section\">\n\t\t\t\t\t\t<div class=\"elementor-container elementor-column-gap-no\">\n\t\t\t\t\t<div class=\"elementor-column elementor-col-100 elementor-top-column elementor-element elementor-element-34ee689\" data-id=\"34ee689\" data-element_type=\"column\">\n\t\t\t<div class=\"elementor-widget-wrap elementor-element-populated\">\n\t\t\t\t\t\t<div class=\"elementor-element elementor-element-57d8555 elementor-widget elementor-widget-heading\" data-id=\"57d8555\" data-element_type=\"widget\" data-widget_type=\"heading.default\">\n\t\t\t\t<div class=\"elementor-widget-container\">\n\t\t\t<h2 class=\"elementor-heading-title elementor-size-default\">Nosotros<\/h2>\t\t<\/div>\n\t\t\t\t<\/div>\n\t\t\t\t<div class=\"elementor-element elementor-element-8bc515d elementor-widget elementor-widget-text-editor\" data-id=\"8bc515d\" data-element_type=\"widget\" data-widget_type=\"text-editor.default\">\n\t\t\t\t<div class=\"elementor-widget-container\">\n\t\t\t\t\t\t\t<p>Actualmente estamos ubicados el ic\u00f3nico barrio Ricaurte de Bogot\u00e1 Colombia,\u00a0 esto ha permitido ganarnos la confianza de nuestros vecinos, proveedores y clientes. La ubicaci\u00f3n es\u00a0 estrat\u00e9gica, ya que al rededor existe comercio af\u00edn, tambi\u00e9n hay varias l\u00edneas de transporte para el traslado de mercanc\u00eda, cerca esta la estaci\u00f3n del Ricaurte de Transmilenio, y a cinco minutos est\u00e1 el centro de la ciudad. Llevamos m\u00e1s de 30 a\u00f1os en el mercado colombiano de controles para las l\u00edneas de gas, el\u00e9ctricos y refrigeraci\u00f3n,<\/p><p class=\"wb-stl-custom49\">Entendemos que la energ\u00eda y el gas natural son recursos que exigen que sean bien utilizados y por eso son indispensables los controles que permiten la regulaci\u00f3n correcta de estos, ahorrando dinero y prolongando la vida \u00fatil de sus equipos.<\/p><p class=\"wb-stl-custom49\">Contamos con personal calificado para atenderlo en nuestro almac\u00e9n o para asesorarlo respecto temas t\u00e9cnicos, tambi\u00e9n contamos con t\u00e9cnicos que podr\u00e1n visitarle en campo para diagnosticar y reparar lo que usted requiera.<\/p><p class=\"wb-stl-custom49\">Distribuimos productos con marcas reconocidas a nivel mundial por su excelente calidad, como\u00a0Robertshaw,\u00a0Ranco,\u00a0Jackwal, entre otras\u2026<\/p>\t\t\t\t\t\t<\/div>\n\t\t\t\t<\/div>\n\t\t\t\t<div class=\"elementor-element elementor-element-6ce1fe4 elementor-widget elementor-widget-spacer\" data-id=\"6ce1fe4\" data-element_type=\"widget\" data-widget_type=\"spacer.default\">\n\t\t\t\t<div class=\"elementor-widget-container\">\n\t\t\t\t\t<div class=\"elementor-spacer\">\n\t\t\t<div class=\"elementor-spacer-inner\"><\/div>\n\t\t<\/div>\n\t\t\t\t<\/div>\n\t\t\t\t<\/div>\n\t\t\t\t\t<\/div>\n\t\t<\/div>\n\t\t\t\t\t<\/div>\n\t\t<\/section>\n\t\t\t\t<\/div>\n\t\t","protected":false},"excerpt":{"rendered":"<p>Empresa Nosotros Actualmente estamos ubicados el ic\u00f3nico barrio Ricaurte de Bogot\u00e1 Colombia,\u00a0 esto ha permitido ganarnos la confianza de nuestros vecinos, proveedores y clientes. La ubicaci\u00f3n es\u00a0 estrat\u00e9gica, ya que al rededor existe comercio af\u00edn, tambi\u00e9n hay varias l\u00edneas de transporte para el traslado de mercanc\u00eda, cerca esta la estaci\u00f3n del Ricaurte de Transmilenio, y &hellip;<\/p>\n","protected":false},"author":1,"featured_media":0,"parent":0,"menu_order":0,"comment_status":"closed","ping_status":"closed","template":"page-templates\/page-builder.php","meta":{"footnotes":""},"class_list":["post-88","page","type-page","status-publish","hentry"],"_links":{"self":[{"href":"https:\/\/wlcontrols.com\/index.php\/wp-json\/wp\/v2\/pages\/88","targetHints":{"allow":["GET"]}}],"collection":[{"href":"https:\/\/wlcontrols.com\/index.php\/wp-json\/wp\/v2\/pages"}],"about":[{"href":"https:\/\/wlcontrols.com\/index.php\/wp-json\/wp\/v2\/types\/page"}],"author":[{"embeddable":true,"href":"https:\/\/wlcontrols.com\/index.php\/wp-json\/wp\/v2\/users\/1"}],"replies":[{"embeddable":true,"href":"https:\/\/wlcontrols.com\/index.php\/wp-json\/wp\/v2\/comments?post=88"}],"version-history":[{"count":14,"href":"https:\/\/wlcontrols.com\/index.php\/wp-json\/wp\/v2\/pages\/88\/revisions"}],"predecessor-version":[{"id":2344,"href":"https:\/\/wlcontrols.com\/index.php\/wp-json\/wp\/v2\/pages\/88\/revisions\/2344"}],"wp:attachment":[{"href":"https:\/\/wlcontrols.com\/index.php\/wp-json\/wp\/v2\/media?parent=88"}],"curies":[{"name":"wp","href":"https:\/\/api.w.org\/{rel}","templated":true}]}}